{"id":330,"date":"2019-11-29T12:29:25","date_gmt":"2019-11-29T11:29:25","guid":{"rendered":"https:\/\/cms.drinkstar.com\/drinkstar-de\/?page_id=330"},"modified":"2025-04-15T07:04:34","modified_gmt":"2025-04-15T05:04:34","slug":"contact-old","status":"publish","type":"page","link":"https:\/\/www.drinkstar.de\/en\/contact-old\/","title":{"rendered":"Contact"},"content":{"rendered":"<h1 class=\"wp-block-heading\">CONTACT<\/h1>\n\n\n\n<p><strong>DrinkStar GmbH<\/strong><br>\u00c4u\u00dfere Oberaustra\u00dfe 36\/5<br>D-83026 Rosenheim<br>Tel.: 08031\/2434-0<br>Fax: 08031\/2434-15<\/p>\n\n\n\n<div style=\"height:40px\" aria-hidden=\"true\" class=\"wp-block-spacer\"><\/div>\n\n\n\n<h2 class=\"wp-block-heading\">Directions<\/h2>\n\n\n\n<figure class=\"wp-block-image size-large\"><img loading=\"lazy\" decoding=\"async\" width=\"480\" height=\"480\" src=\"https:\/\/www.drinkstar.de\/wp-content\/uploads\/sites\/11\/2019\/11\/anfahrtsskizze.jpg\" alt=\"Drinkstar Anfahrtsskizze\" class=\"wp-image-151\" srcset=\"https:\/\/www.drinkstar.de\/wp-content\/uploads\/sites\/11\/2019\/11\/anfahrtsskizze.jpg 480w, https:\/\/www.drinkstar.de\/wp-content\/uploads\/sites\/11\/2019\/11\/anfahrtsskizze-300x300.jpg 300w, https:\/\/www.drinkstar.de\/wp-content\/uploads\/sites\/11\/2019\/11\/anfahrtsskizze-150x150.jpg 150w\" sizes=\"auto, (max-width: 480px) 100vw, 480px\" \/><\/figure>\n\n\n\n<div style=\"height:40px\" aria-hidden=\"true\" class=\"wp-block-spacer\"><\/div>\n\n\n\n<h2 class=\"wp-block-heading\">Contact form<\/h2>\n\n\nKontaktformular (drinkstar)\n\n\n<p><\/p>","protected":false},"excerpt":{"rendered":"<p>CONTACT DrinkStar GmbH\u00c4u\u00dfere Oberaustra\u00dfe 36\/5D-83026 RosenheimTel.: 08031\/2434-0Fax: 08031\/2434-15 Directions Contact form<\/p>\n","protected":false},"author":1,"featured_media":0,"parent":0,"menu_order":0,"comment_status":"closed","ping_status":"closed","template":"","meta":{"footnotes":""},"class_list":["post-330","page","type-page","status-publish","hentry","post","without-featured-image"],"featured_image_src":null,"featured_image_src_square":null,"_links":{"self":[{"href":"https:\/\/www.drinkstar.de\/en\/wp-json\/wp\/v2\/pages\/330","targetHints":{"allow":["GET"]}}],"collection":[{"href":"https:\/\/www.drinkstar.de\/en\/wp-json\/wp\/v2\/pages"}],"about":[{"href":"https:\/\/www.drinkstar.de\/en\/wp-json\/wp\/v2\/types\/page"}],"author":[{"embeddable":true,"href":"https:\/\/www.drinkstar.de\/en\/wp-json\/wp\/v2\/users\/1"}],"replies":[{"embeddable":true,"href":"https:\/\/www.drinkstar.de\/en\/wp-json\/wp\/v2\/comments?post=330"}],"version-history":[{"count":10,"href":"https:\/\/www.drinkstar.de\/en\/wp-json\/wp\/v2\/pages\/330\/revisions"}],"predecessor-version":[{"id":2112,"href":"https:\/\/www.drinkstar.de\/en\/wp-json\/wp\/v2\/pages\/330\/revisions\/2112"}],"wp:attachment":[{"href":"https:\/\/www.drinkstar.de\/en\/wp-json\/wp\/v2\/media?parent=330"}],"curies":[{"name":"wp","href":"https:\/\/api.w.org\/{rel}","templated":true}]}}