{"id":251,"date":"2019-11-26T21:05:11","date_gmt":"2019-11-26T20:05:11","guid":{"rendered":"https:\/\/cms.drinkstar.com\/drinkstar-de\/?page_id=251"},"modified":"2023-01-29T15:48:03","modified_gmt":"2023-01-29T14:48:03","slug":"impressum","status":"publish","type":"page","link":"https:\/\/www.drinkstar.de\/en\/impressum\/","title":{"rendered":"Imprint"},"content":{"rendered":"<h1 class=\"wp-block-heading\">Imprint<\/h1>\n\n\n\n<p>All of the information on our Web site has been carefully reviewed. We make every effort to add to the information on this page and keep it current.&nbsp;<br><br>However, we cannot fully guarantee that it is complete, accurate, or up-to-date.<br><br>\u00a9 Copyright DrinkStar, Rosenheim&nbsp;<\/p>\n\n\n\n<p><strong>Publisher:<br><\/strong><br><strong>DrinkStar GmbH<\/strong><br>\u00c4u\u00dfere Oberaustra\u00dfe 36\/5<br>D-83026 Rosenheim<br>Germany<br>Tel.: +49 8031\/2434-0<br>Fax: +49 8031\/2434-15<br>E-mail:\u00a0<a href=\"https:\/\/www.drinkstar.de\/en\/contact.html\">info@drinkstar.de<\/a><br><br><strong>Company management<\/strong>: Frank Ebersp\u00e4cher<br><br>Registered in the commercial register of the Traunstein district court HRB 415<br><strong>Company headquarters<\/strong>: Rosenheim<br><br>VAT ID No:.\u00a0DE 811138253<\/p>\n\n\n\n<p>\u00d6ko-Kontrollstelle: DE -\u00d6KO- 001<\/p>\n\n\n\n<p><strong>Our brands<\/strong>:<br><a rel=\"noreferrer noopener\" href=\"http:\/\/www.frucade.de\/\" target=\"_blank\">www.frucade.de<\/a><br><a href=\"http:\/\/www.frumate.de\" data-type=\"URL\" data-id=\"www.frumate.de\">www.frumate.de<\/a><a rel=\"noreferrer noopener\" href=\"http:\/\/www.frucade.de\/\" target=\"_blank\"><br><\/a><a rel=\"noreferrer noopener\" href=\"http:\/\/www.tritop.de\/\" target=\"_blank\">www.tritop.de<br><\/a><a rel=\"noreferrer noopener\" href=\"http:\/\/www.deit.de\/\" target=\"_blank\">www.deit.de<\/a><br><a rel=\"noreferrer noopener\" href=\"http:\/\/www.groebi.at\/\" target=\"_blank\">www.groebi.at<br><\/a><a rel=\"noreferrer noopener\" href=\"http:\/\/www.frucade.at\/\" target=\"_blank\">www.frucade.at<\/a> <br><\/p>\n\n\n\n<p><br><strong>Pictures<\/strong>:<br>DrinkStar GmbH and Fotolia.com<br>\u00a9 goodluz &#8211; Fotolia.com,&nbsp;\u00a9&nbsp;Picture-Factory&nbsp;&#8211; Fotolia.com<\/p>\n\n\n\n<p><\/p>","protected":false},"excerpt":{"rendered":"<p>Die DrinkStar GmbH hat ihren Sitz in Rosenheim. Das Unternehmen betreibt die Marken DEIT, FRUCADE, GR\u00d6BI und TRi TOP.<\/p>\n","protected":false},"author":1,"featured_media":0,"parent":0,"menu_order":0,"comment_status":"closed","ping_status":"closed","template":"","meta":{"footnotes":""},"class_list":["post-251","page","type-page","status-publish","hentry","post","without-featured-image"],"featured_image_src":null,"featured_image_src_square":null,"_links":{"self":[{"href":"https:\/\/www.drinkstar.de\/en\/wp-json\/wp\/v2\/pages\/251","targetHints":{"allow":["GET"]}}],"collection":[{"href":"https:\/\/www.drinkstar.de\/en\/wp-json\/wp\/v2\/pages"}],"about":[{"href":"https:\/\/www.drinkstar.de\/en\/wp-json\/wp\/v2\/types\/page"}],"author":[{"embeddable":true,"href":"https:\/\/www.drinkstar.de\/en\/wp-json\/wp\/v2\/users\/1"}],"replies":[{"embeddable":true,"href":"https:\/\/www.drinkstar.de\/en\/wp-json\/wp\/v2\/comments?post=251"}],"version-history":[{"count":8,"href":"https:\/\/www.drinkstar.de\/en\/wp-json\/wp\/v2\/pages\/251\/revisions"}],"predecessor-version":[{"id":1678,"href":"https:\/\/www.drinkstar.de\/en\/wp-json\/wp\/v2\/pages\/251\/revisions\/1678"}],"wp:attachment":[{"href":"https:\/\/www.drinkstar.de\/en\/wp-json\/wp\/v2\/media?parent=251"}],"curies":[{"name":"wp","href":"https:\/\/api.w.org\/{rel}","templated":true}]}}