{"id":1877,"date":"2025-04-14T21:23:05","date_gmt":"2025-04-14T19:23:05","guid":{"rendered":"https:\/\/www.drinkstar.de\/?page_id=1877"},"modified":"2025-04-15T07:12:16","modified_gmt":"2025-04-15T05:12:16","slug":"contact-2","status":"publish","type":"page","link":"https:\/\/www.drinkstar.de\/en\/contact-2\/","title":{"rendered":"Contact"},"content":{"rendered":"<h1 class=\"wp-block-heading\">CONTACT<\/h1>\n\n\n\n<p><strong>DrinkStar GmbH<\/strong><br>\u00c4u\u00dfere Oberaustra\u00dfe 36\/5<br>D-83026 Rosenheim<br>Tel.: 08031\/2434-0<br>Fax: 08031\/2434-15<\/p>\n\n\n\n<div style=\"height:40px\" aria-hidden=\"true\" class=\"wp-block-spacer\"><\/div>\n\n\n\n<h2 class=\"wp-block-heading\">Directions<\/h2>\n\n\n\n<figure class=\"wp-block-image size-large\"><img loading=\"lazy\" decoding=\"async\" width=\"480\" height=\"480\" src=\"https:\/\/www.drinkstar.de\/wp-content\/uploads\/sites\/11\/2019\/11\/anfahrtsskizze.jpg\" alt=\"Drinkstar Anfahrtsskizze\" class=\"wp-image-151\" srcset=\"https:\/\/www.drinkstar.de\/wp-content\/uploads\/sites\/11\/2019\/11\/anfahrtsskizze.jpg 480w, https:\/\/www.drinkstar.de\/wp-content\/uploads\/sites\/11\/2019\/11\/anfahrtsskizze-300x300.jpg 300w, https:\/\/www.drinkstar.de\/wp-content\/uploads\/sites\/11\/2019\/11\/anfahrtsskizze-150x150.jpg 150w\" sizes=\"auto, (max-width: 480px) 100vw, 480px\" \/><\/figure>\n\n\n\n<div style=\"height:40px\" aria-hidden=\"true\" class=\"wp-block-spacer\"><\/div>\n\n\n\n<h2 class=\"wp-block-heading\">Contact form<\/h2>\n\n\n\n<p>Would you like more detailed information on specific topics related to our industry or our company?<\/p>\n\n\n\n<p>Do you have any suggestions regarding our website?<\/p>\n\n\n\n<p class=\"has-white-color has-vivid-red-background-color has-text-color has-background has-link-color wp-elements-4b024fe346bae04d45a890c149a954ef\">Due to limited resources, we focus exclusively on long-term partnerships and collaborations. Please understand that we are therefore unable to respond to requests for sponsorships or advertising materials.<\/p>\n\n\n\n<div class=\"wp-block-contact-form-7-contact-form-selector\">\n<div class=\"wpcf7 no-js\" id=\"wpcf7-f2111-o1\" lang=\"en-US\" dir=\"ltr\" data-wpcf7-id=\"2111\">\n<div class=\"screen-reader-response\"><p role=\"status\" aria-live=\"polite\" aria-atomic=\"true\"><\/p> <ul><\/ul><\/div>\n<form action=\"\/en\/wp-json\/wp\/v2\/pages\/1877#wpcf7-f2111-o1\" method=\"post\" class=\"wpcf7-form init\" aria-label=\"Contact form\" novalidate=\"novalidate\" data-status=\"init\">\n<fieldset class=\"hidden-fields-container\"><input type=\"hidden\" name=\"_wpcf7\" value=\"2111\" \/><input type=\"hidden\" name=\"_wpcf7_version\" value=\"6.1.5\" \/><input type=\"hidden\" name=\"_wpcf7_locale\" value=\"en_US\" \/><input type=\"hidden\" name=\"_wpcf7_unit_tag\" value=\"wpcf7-f2111-o1\" \/><input type=\"hidden\" name=\"_wpcf7_container_post\" value=\"0\" \/><input type=\"hidden\" name=\"_wpcf7_posted_data_hash\" value=\"\" \/><input type=\"hidden\" name=\"upload_dir\" value=\"Bewerbungen\" \/><input type=\"hidden\" name=\"generate_name\" value=\"04-30-26-69f3521648854\" \/>\n<\/fieldset>\n<p><label>Send to<br \/>\n<span class=\"wpcf7-form-control-wrap\" data-name=\"your-subject\"><select class=\"wpcf7-form-control wpcf7-select wpcf7-validates-as-required\" aria-required=\"true\" aria-invalid=\"false\" name=\"your-subject\"><option value=\"Business ommunication\">Business ommunication<\/option><option value=\"Beverage Brands\">Beverage Brands<\/option><option value=\"Personnel office\">Personnel office<\/option><option value=\"Other inquiries\">Other inquiries<\/option><\/select><\/span><\/label>\n<\/p>\n<p><label>Subject*<br \/>\n<span class=\"wpcf7-form-control-wrap\" data-name=\"your-betreff\"><input size=\"40\" maxlength=\"400\" class=\"wpcf7-form-control wpcf7-text wpcf7-validates-as-required\" aria-required=\"true\" aria-invalid=\"false\" value=\"\" type=\"text\" name=\"your-betreff\" \/><\/span> <\/label>\n<\/p>\n<p><label>Salutation<br \/>\n<span class=\"wpcf7-form-control-wrap\" data-name=\"Anrede\"><select class=\"wpcf7-form-control wpcf7-select\" aria-invalid=\"false\" name=\"Anrede\"><option value=\"\">&#8212;Please choose an option&#8212;<\/option><option value=\"Ms\/Mrs\">Ms\/Mrs<\/option><option value=\"Mr\">Mr<\/option><\/select><\/span><\/label>\n<\/p>\n<p><label>First name*<br \/>\n<span class=\"wpcf7-form-control-wrap\" data-name=\"your-vorname\"><input size=\"40\" maxlength=\"400\" class=\"wpcf7-form-control wpcf7-text wpcf7-validates-as-required\" autocomplete=\"firstname\" aria-required=\"true\" aria-invalid=\"false\" value=\"\" type=\"text\" name=\"your-vorname\" \/><\/span> <\/label>\n<\/p>\n<p><label>Name*<br \/>\n<span class=\"wpcf7-form-control-wrap\" data-name=\"your-name\"><input size=\"40\" maxlength=\"400\" class=\"wpcf7-form-control wpcf7-text wpcf7-validates-as-required\" autocomplete=\"name\" aria-required=\"true\" aria-invalid=\"false\" value=\"\" type=\"text\" name=\"your-name\" \/><\/span> <\/label>\n<\/p>\n<p><label>Company<br \/>\n<span class=\"wpcf7-form-control-wrap\" data-name=\"your-company\"><input size=\"40\" maxlength=\"400\" class=\"wpcf7-form-control wpcf7-text\" aria-invalid=\"false\" value=\"\" type=\"text\" name=\"your-company\" \/><\/span> <\/label>\n<\/p>\n<p><label>Street<br \/>\n<span class=\"wpcf7-form-control-wrap\" data-name=\"your-street\"><input size=\"40\" maxlength=\"400\" class=\"wpcf7-form-control wpcf7-text\" aria-invalid=\"false\" value=\"\" type=\"text\" name=\"your-street\" \/><\/span> <\/label>\n<\/p>\n<p><label>Number<br \/>\n<span class=\"wpcf7-form-control-wrap\" data-name=\"your-number\"><input size=\"40\" maxlength=\"400\" class=\"wpcf7-form-control wpcf7-text\" aria-invalid=\"false\" value=\"\" type=\"text\" name=\"your-number\" \/><\/span> <\/label>\n<\/p>\n<p><label>P.O. Code<br \/>\n<span class=\"wpcf7-form-control-wrap\" data-name=\"your-pocode\"><input size=\"40\" maxlength=\"400\" class=\"wpcf7-form-control wpcf7-text\" aria-invalid=\"false\" value=\"\" type=\"text\" name=\"your-pocode\" \/><\/span> <\/label>\n<\/p>\n<p><label>City<br \/>\n<span class=\"wpcf7-form-control-wrap\" data-name=\"your-city\"><input size=\"40\" maxlength=\"400\" class=\"wpcf7-form-control wpcf7-text\" aria-invalid=\"false\" value=\"\" type=\"text\" name=\"your-city\" \/><\/span> <\/label>\n<\/p>\n<p><label>Country<br \/>\n<span class=\"wpcf7-form-control-wrap\" data-name=\"your-country\"><input size=\"40\" maxlength=\"400\" class=\"wpcf7-form-control wpcf7-text\" aria-invalid=\"false\" value=\"\" type=\"text\" name=\"your-country\" \/><\/span> <\/label>\n<\/p>\n<p><label>Email address*<br \/>\n<span class=\"wpcf7-form-control-wrap\" data-name=\"your-email\"><input size=\"40\" maxlength=\"400\" class=\"wpcf7-form-control wpcf7-email wpcf7-validates-as-required wpcf7-text wpcf7-validates-as-email\" autocomplete=\"email\" aria-required=\"true\" aria-invalid=\"false\" value=\"\" type=\"email\" name=\"your-email\" \/><\/span> <\/label>\n<\/p>\n<p><label>Phone number*<br \/>\n<span class=\"wpcf7-form-control-wrap\" data-name=\"your-phone\"><input size=\"40\" maxlength=\"400\" class=\"wpcf7-form-control wpcf7-text wpcf7-validates-as-required\" autocomplete=\"email\" aria-required=\"true\" aria-invalid=\"false\" value=\"\" type=\"text\" name=\"your-phone\" \/><\/span> <\/label>\n<\/p>\n<p><span id=\"wpcf7-69f352164907a-wrapper\" class=\"wpcf7-form-control-wrap url-wrap\" style=\"display:none !important; visibility:hidden !important;\"><input type=\"hidden\" name=\"url-time-start\" value=\"1777553942\"><input type=\"hidden\" name=\"url-time-check\" value=\"4\"><label for=\"url\" class=\"hp-message\">Please leave this field empty.<\/label><input id=\"url\"  placeholder=\"Website\"  class=\"wpcf7-form-control wpcf7-text\" type=\"text\" name=\"url\" value=\"\" size=\"40\" tabindex=\"-1\" autocomplete=\"new-password\" \/><\/span>\n<\/p>\n<p><label>Comment (optional)<br \/>\n<span class=\"wpcf7-form-control-wrap\" data-name=\"your-message\"><textarea cols=\"40\" rows=\"10\" maxlength=\"2000\" class=\"wpcf7-form-control wpcf7-textarea\" aria-invalid=\"false\" name=\"your-message\"><\/textarea><\/span> <\/label>\n<\/p>\n<p><label>I agree with the below: *<\/label><br \/>\n<span class=\"wpcf7-form-control-wrap\" data-name=\"Datenschutzerklaerung\"><span class=\"wpcf7-form-control wpcf7-acceptance\"><span class=\"wpcf7-list-item\"><label><input type=\"checkbox\" name=\"Datenschutzerklaerung\" value=\"1\" aria-invalid=\"false\" \/><span class=\"wpcf7-list-item-label\"><a href=\"https:\/\/www.drinkstar.de\/datenschutz\/\" target=\"_blank\">All submitted data is used for a reply to your request only. We don\u2019t use your data in any other way or provide your data to unauthorized third parties. For further information, please check our data protection guidelines.<\/a><\/span><\/label><\/span><\/span><\/span>\n<\/p>\n<p><label>* necessary fields<\/label>\n<\/p>\n<p><input class=\"wpcf7-form-control wpcf7-submit has-spinner\" type=\"submit\" value=\"Submit\" \/>\n<\/p><div class=\"wpcf7-response-output\" aria-hidden=\"true\"><\/div>\n<\/form>\n<\/div>\n<\/div>\n\n\n\n<p><\/p>","protected":false},"excerpt":{"rendered":"<p>CONTACT DrinkStar GmbH\u00c4u\u00dfere Oberaustra\u00dfe 36\/5D-83026 RosenheimTel.: 08031\/2434-0Fax: 08031\/2434-15 Directions Contact form Would you like more detailed information on specific topics related to our industry or our company? Do you have any suggestions regarding our website? Due to limited resources, we focus exclusively on long-term partnerships and collaborations. Please understand that we are therefore unable to &hellip;<\/p>\n","protected":false},"author":1,"featured_media":0,"parent":0,"menu_order":0,"comment_status":"closed","ping_status":"closed","template":"","meta":{"footnotes":""},"class_list":["post-1877","page","type-page","status-publish","hentry","post","without-featured-image"],"featured_image_src":null,"featured_image_src_square":null,"_links":{"self":[{"href":"https:\/\/www.drinkstar.de\/en\/wp-json\/wp\/v2\/pages\/1877","targetHints":{"allow":["GET"]}}],"collection":[{"href":"https:\/\/www.drinkstar.de\/en\/wp-json\/wp\/v2\/pages"}],"about":[{"href":"https:\/\/www.drinkstar.de\/en\/wp-json\/wp\/v2\/types\/page"}],"author":[{"embeddable":true,"href":"https:\/\/www.drinkstar.de\/en\/wp-json\/wp\/v2\/users\/1"}],"replies":[{"embeddable":true,"href":"https:\/\/www.drinkstar.de\/en\/wp-json\/wp\/v2\/comments?post=1877"}],"version-history":[{"count":3,"href":"https:\/\/www.drinkstar.de\/en\/wp-json\/wp\/v2\/pages\/1877\/revisions"}],"predecessor-version":[{"id":2114,"href":"https:\/\/www.drinkstar.de\/en\/wp-json\/wp\/v2\/pages\/1877\/revisions\/2114"}],"wp:attachment":[{"href":"https:\/\/www.drinkstar.de\/en\/wp-json\/wp\/v2\/media?parent=1877"}],"curies":[{"name":"wp","href":"https:\/\/api.w.org\/{rel}","templated":true}]}}